{"id":8019,"date":"2025-03-24T08:55:25","date_gmt":"2025-03-24T12:55:25","guid":{"rendered":"https:\/\/perspectives-strategies.com\/?page_id=8019"},"modified":"2025-09-12T08:28:01","modified_gmt":"2025-09-12T12:28:01","slug":"nos-nouvelles","status":"publish","type":"page","link":"https:\/\/perspectives-strategies.com\/fr\/nos-nouvelles\/","title":{"rendered":"Nos nouvelles"},"content":{"rendered":"<div class=\"wpb-content-wrapper\"><p>[vc_row full_width=&#8221;stretch_row&#8221; css=&#8221;.vc_custom_1739289309804{background-color: #FFFFFF !important;border-color: #FFFFFF !important;}&#8221;][vc_column css=&#8221;.vc_custom_1738829353710{background-color: #FFFFFF !important;border-color: #FFFFFF !important;}&#8221;][stm_spacing lg_spacing=&#8221;90&#8243; md_spacing=&#8221;70&#8243; sm_spacing=&#8221;60&#8243; xs_spacing=&#8221;50&#8243;][vc_custom_heading source=&#8221;post_title&#8221; font_container=&#8221;tag:h1|text_align:center|color:%2300205b&#8221; use_theme_fonts=&#8221;yes&#8221; css=&#8221;&#8221; el_class=&#8221;hide_indents mobile_align_center&#8221; subtitle_color=&#8221;#00205b&#8221;][vc_column_text css=&#8221;.vc_custom_1742965421958{margin-top: 20px !important;}&#8221; el_class=&#8221;text-wrapper&#8221;]<\/p>\n<p style=\"text-align: center;\">D\u00e9couvrez des analyses, des mises \u00e0 jour politiques et des perspectives strat\u00e9giques sur la politique qu\u00e9b\u00e9coise, les relations gouvernementales et les affaires publiques. Notre expertise vous aide \u00e0 naviguer dans des environnements politiques complexes et \u00e0 prendre des d\u00e9cisions \u00e9clair\u00e9es.<\/p>\n<p>[\/vc_column_text][vc_text_separator title=&#8221;&#8221; color=&#8221;custom&#8221; border_width=&#8221;2&#8243; el_width=&#8221;10&#8243; accent_color=&#8221;#00205b&#8221; el_class=&#8221;heading-border-center&#8221;][stm_spacing lg_spacing=&#8221;70&#8243; md_spacing=&#8221;50&#8243; sm_spacing=&#8221;40&#8243; xs_spacing=&#8221;30&#8243;][vc_basic_grid post_type=&#8221;post&#8221; max_items=&#8221;-1&#8243; style=&#8221;load-more&#8221; items_per_page=&#8221;3&#8243; item=&#8221;7918&#8243; css=&#8221;&#8221; btn_title=&#8221;Voir plus&#8221; grid_id=&#8221;vc_gid:1757679957840-f36c8c74-74e0-0&#8243; el_class=&#8221;news-grid&#8221;][stm_spacing lg_spacing=&#8221;30&#8243; md_spacing=&#8221;30&#8243; sm_spacing=&#8221;30&#8243; xs_spacing=&#8221;30&#8243;][\/vc_column][\/vc_row]<\/p>\n<\/div>","protected":false},"excerpt":{"rendered":"<p>[vc_row full_width=&#8221;stretch_row&#8221; css=&#8221;.vc_custom_1739289309804{background-color: #FFFFFF !important;border-color: #FFFFFF !important;}&#8221;][vc_column css=&#8221;.vc_custom_1738829353710{background-color: #FFFFFF !important;border-color: #FFFFFF !important;}&#8221;][stm_spacing lg_spacing=&#8221;90&#8243; md_spacing=&#8221;70&#8243; sm_spacing=&#8221;60&#8243; xs_spacing=&#8221;50&#8243;][vc_custom_heading source=&#8221;post_title&#8221; font_container=&#8221;tag:h1|text_align:center|color:%2300205b&#8221; use_theme_fonts=&#8221;yes&#8221; css=&#8221;&#8221; el_class=&#8221;hide_indents mobile_align_center&#8221; subtitle_color=&#8221;#00205b&#8221;][vc_column_text css=&#8221;.vc_custom_1742965421958{margin-top: 20px !important;}&#8221; el_class=&#8221;text-wrapper&#8221;] D\u00e9couvrez des analyses, des mises \u00e0 jour politiques et des perspectives strat\u00e9giques sur la politique qu\u00e9b\u00e9coise, les relations gouvernementales et les affaires publiques. Notre expertise vous aide \u00e0<\/p>\n","protected":false},"author":2,"featured_media":0,"parent":0,"menu_order":0,"comment_status":"closed","ping_status":"closed","template":"","meta":{"inline_featured_image":false,"footnotes":""},"class_list":["post-8019","page","type-page","status-publish","hentry"],"yoast_head":"<!-- This site is optimized with the Yoast SEO plugin v27.5 - https:\/\/yoast.com\/product\/yoast-seo-wordpress\/ -->\n<title>Perspectives Government Strategies \u2014 Tailor-made counsel and and lobbying services for your organization.<\/title>\n<meta name=\"description\" content=\"Get the guidance you need to put your issues at the forefront of the Quebec government. Understand and influence government decisions, orientation, and legislation.\" \/>\n<meta name=\"robots\" content=\"index, follow, max-snippet:-1, max-image-preview:large, max-video-preview:-1\" \/>\n<link rel=\"canonical\" href=\"https:\/\/perspectives-strategies.com\/fr\/nos-nouvelles\/\" \/>\n<meta property=\"og:locale\" content=\"fr_FR\" \/>\n<meta property=\"og:type\" content=\"article\" \/>\n<meta property=\"og:title\" content=\"Perspectives Government Strategies \u2014 Tailor-made counsel and and lobbying services for your organization.\" \/>\n<meta property=\"og:description\" content=\"Get the guidance you need to put your issues at the forefront of the Quebec government. Understand and influence government decisions, orientation, and legislation.\" \/>\n<meta property=\"og:url\" content=\"https:\/\/perspectives-strategies.com\/fr\/nos-nouvelles\/\" \/>\n<meta property=\"og:site_name\" content=\"Perspectives Strategies\" \/>\n<meta property=\"article:modified_time\" content=\"2025-09-12T12:28:01+00:00\" \/>\n<meta property=\"og:image\" content=\"https:\/\/perspectives-strategies.com\/wp-content\/uploads\/2019\/09\/perpsectives-government-strategies-lobbyist-montreal-fb.jpg\" \/>\n\t<meta property=\"og:image:width\" content=\"1440\" \/>\n\t<meta property=\"og:image:height\" content=\"810\" \/>\n\t<meta property=\"og:image:type\" content=\"image\/jpeg\" \/>\n<meta name=\"twitter:card\" content=\"summary_large_image\" \/>\n<meta name=\"twitter:site\" content=\"@sjbonneau\" \/>\n<meta name=\"twitter:label1\" content=\"Dur\u00e9e de lecture estim\u00e9e\" \/>\n\t<meta name=\"twitter:data1\" content=\"1 minute\" \/>\n<script type=\"application\/ld+json\" class=\"yoast-schema-graph\">{\"@context\":\"https:\\\/\\\/schema.org\",\"@graph\":[{\"@type\":\"WebPage\",\"@id\":\"https:\\\/\\\/perspectives-strategies.com\\\/fr\\\/nos-nouvelles\\\/\",\"url\":\"https:\\\/\\\/perspectives-strategies.com\\\/fr\\\/nos-nouvelles\\\/\",\"name\":\"Perspectives Government Strategies \u2014 Tailor-made counsel and and lobbying services for your organization.\",\"isPartOf\":{\"@id\":\"https:\\\/\\\/perspectives-strategies.com\\\/en\\\/#website\"},\"datePublished\":\"2025-03-24T12:55:25+00:00\",\"dateModified\":\"2025-09-12T12:28:01+00:00\",\"description\":\"Get the guidance you need to put your issues at the forefront of the Quebec government. Understand and influence government decisions, orientation, and legislation.\",\"breadcrumb\":{\"@id\":\"https:\\\/\\\/perspectives-strategies.com\\\/fr\\\/nos-nouvelles\\\/#breadcrumb\"},\"inLanguage\":\"fr-FR\",\"potentialAction\":[{\"@type\":\"ReadAction\",\"target\":[\"https:\\\/\\\/perspectives-strategies.com\\\/fr\\\/nos-nouvelles\\\/\"]}]},{\"@type\":\"BreadcrumbList\",\"@id\":\"https:\\\/\\\/perspectives-strategies.com\\\/fr\\\/nos-nouvelles\\\/#breadcrumb\",\"itemListElement\":[{\"@type\":\"ListItem\",\"position\":1,\"name\":\"Home\",\"item\":\"https:\\\/\\\/perspectives-strategies.com\\\/fr\\\/accueil-new\\\/\"},{\"@type\":\"ListItem\",\"position\":2,\"name\":\"Nos nouvelles\"}]},{\"@type\":\"WebSite\",\"@id\":\"https:\\\/\\\/perspectives-strategies.com\\\/en\\\/#website\",\"url\":\"https:\\\/\\\/perspectives-strategies.com\\\/en\\\/\",\"name\":\"Perspectives Strategies\",\"description\":\"Strat\u00e9gies Gouvernementales\",\"publisher\":{\"@id\":\"https:\\\/\\\/perspectives-strategies.com\\\/en\\\/#organization\"},\"potentialAction\":[{\"@type\":\"SearchAction\",\"target\":{\"@type\":\"EntryPoint\",\"urlTemplate\":\"https:\\\/\\\/perspectives-strategies.com\\\/en\\\/?s={search_term_string}\"},\"query-input\":{\"@type\":\"PropertyValueSpecification\",\"valueRequired\":true,\"valueName\":\"search_term_string\"}}],\"inLanguage\":\"fr-FR\"},{\"@type\":\"Organization\",\"@id\":\"https:\\\/\\\/perspectives-strategies.com\\\/en\\\/#organization\",\"name\":\"Perspectives Strategies\",\"url\":\"https:\\\/\\\/perspectives-strategies.com\\\/en\\\/\",\"logo\":{\"@type\":\"ImageObject\",\"inLanguage\":\"fr-FR\",\"@id\":\"https:\\\/\\\/perspectives-strategies.com\\\/en\\\/#\\\/schema\\\/logo\\\/image\\\/\",\"url\":\"https:\\\/\\\/perspectives-strategies.com\\\/wp-content\\\/uploads\\\/2019\\\/09\\\/perpsectives-government-strategies-logo-footer.svg\",\"contentUrl\":\"https:\\\/\\\/perspectives-strategies.com\\\/wp-content\\\/uploads\\\/2019\\\/09\\\/perpsectives-government-strategies-logo-footer.svg\",\"width\":\"1024\",\"height\":\"1024\",\"caption\":\"Perspectives Strategies\"},\"image\":{\"@id\":\"https:\\\/\\\/perspectives-strategies.com\\\/en\\\/#\\\/schema\\\/logo\\\/image\\\/\"},\"sameAs\":[\"https:\\\/\\\/x.com\\\/sjbonneau\",\"https:\\\/\\\/www.linkedin.com\\\/in\\\/s\u00e9bastien-bonneau-3ab63112\\\/\"]}]}<\/script>\n<!-- \/ Yoast SEO plugin. -->","yoast_head_json":{"title":"Perspectives Government Strategies \u2014 Tailor-made counsel and and lobbying services for your organization.","description":"Get the guidance you need to put your issues at the forefront of the Quebec government. Understand and influence government decisions, orientation, and legislation.","robots":{"index":"index","follow":"follow","max-snippet":"max-snippet:-1","max-image-preview":"max-image-preview:large","max-video-preview":"max-video-preview:-1"},"canonical":"https:\/\/perspectives-strategies.com\/fr\/nos-nouvelles\/","og_locale":"fr_FR","og_type":"article","og_title":"Perspectives Government Strategies \u2014 Tailor-made counsel and and lobbying services for your organization.","og_description":"Get the guidance you need to put your issues at the forefront of the Quebec government. Understand and influence government decisions, orientation, and legislation.","og_url":"https:\/\/perspectives-strategies.com\/fr\/nos-nouvelles\/","og_site_name":"Perspectives Strategies","article_modified_time":"2025-09-12T12:28:01+00:00","og_image":[{"width":1440,"height":810,"url":"https:\/\/perspectives-strategies.com\/wp-content\/uploads\/2019\/09\/perpsectives-government-strategies-lobbyist-montreal-fb.jpg","type":"image\/jpeg"}],"twitter_card":"summary_large_image","twitter_site":"@sjbonneau","twitter_misc":{"Dur\u00e9e de lecture estim\u00e9e":"1 minute"},"schema":{"@context":"https:\/\/schema.org","@graph":[{"@type":"WebPage","@id":"https:\/\/perspectives-strategies.com\/fr\/nos-nouvelles\/","url":"https:\/\/perspectives-strategies.com\/fr\/nos-nouvelles\/","name":"Perspectives Government Strategies \u2014 Tailor-made counsel and and lobbying services for your organization.","isPartOf":{"@id":"https:\/\/perspectives-strategies.com\/en\/#website"},"datePublished":"2025-03-24T12:55:25+00:00","dateModified":"2025-09-12T12:28:01+00:00","description":"Get the guidance you need to put your issues at the forefront of the Quebec government. Understand and influence government decisions, orientation, and legislation.","breadcrumb":{"@id":"https:\/\/perspectives-strategies.com\/fr\/nos-nouvelles\/#breadcrumb"},"inLanguage":"fr-FR","potentialAction":[{"@type":"ReadAction","target":["https:\/\/perspectives-strategies.com\/fr\/nos-nouvelles\/"]}]},{"@type":"BreadcrumbList","@id":"https:\/\/perspectives-strategies.com\/fr\/nos-nouvelles\/#breadcrumb","itemListElement":[{"@type":"ListItem","position":1,"name":"Home","item":"https:\/\/perspectives-strategies.com\/fr\/accueil-new\/"},{"@type":"ListItem","position":2,"name":"Nos nouvelles"}]},{"@type":"WebSite","@id":"https:\/\/perspectives-strategies.com\/en\/#website","url":"https:\/\/perspectives-strategies.com\/en\/","name":"Perspectives Strategies","description":"Strat\u00e9gies Gouvernementales","publisher":{"@id":"https:\/\/perspectives-strategies.com\/en\/#organization"},"potentialAction":[{"@type":"SearchAction","target":{"@type":"EntryPoint","urlTemplate":"https:\/\/perspectives-strategies.com\/en\/?s={search_term_string}"},"query-input":{"@type":"PropertyValueSpecification","valueRequired":true,"valueName":"search_term_string"}}],"inLanguage":"fr-FR"},{"@type":"Organization","@id":"https:\/\/perspectives-strategies.com\/en\/#organization","name":"Perspectives Strategies","url":"https:\/\/perspectives-strategies.com\/en\/","logo":{"@type":"ImageObject","inLanguage":"fr-FR","@id":"https:\/\/perspectives-strategies.com\/en\/#\/schema\/logo\/image\/","url":"https:\/\/perspectives-strategies.com\/wp-content\/uploads\/2019\/09\/perpsectives-government-strategies-logo-footer.svg","contentUrl":"https:\/\/perspectives-strategies.com\/wp-content\/uploads\/2019\/09\/perpsectives-government-strategies-logo-footer.svg","width":"1024","height":"1024","caption":"Perspectives Strategies"},"image":{"@id":"https:\/\/perspectives-strategies.com\/en\/#\/schema\/logo\/image\/"},"sameAs":["https:\/\/x.com\/sjbonneau","https:\/\/www.linkedin.com\/in\/s\u00e9bastien-bonneau-3ab63112\/"]}]}},"jetpack_sharing_enabled":true,"_links":{"self":[{"href":"https:\/\/perspectives-strategies.com\/fr\/wp-json\/wp\/v2\/pages\/8019","targetHints":{"allow":["GET"]}}],"collection":[{"href":"https:\/\/perspectives-strategies.com\/fr\/wp-json\/wp\/v2\/pages"}],"about":[{"href":"https:\/\/perspectives-strategies.com\/fr\/wp-json\/wp\/v2\/types\/page"}],"author":[{"embeddable":true,"href":"https:\/\/perspectives-strategies.com\/fr\/wp-json\/wp\/v2\/users\/2"}],"replies":[{"embeddable":true,"href":"https:\/\/perspectives-strategies.com\/fr\/wp-json\/wp\/v2\/comments?post=8019"}],"version-history":[{"count":10,"href":"https:\/\/perspectives-strategies.com\/fr\/wp-json\/wp\/v2\/pages\/8019\/revisions"}],"predecessor-version":[{"id":8237,"href":"https:\/\/perspectives-strategies.com\/fr\/wp-json\/wp\/v2\/pages\/8019\/revisions\/8237"}],"wp:attachment":[{"href":"https:\/\/perspectives-strategies.com\/fr\/wp-json\/wp\/v2\/media?parent=8019"}],"curies":[{"name":"wp","href":"https:\/\/api.w.org\/{rel}","templated":true}]}}