{"id":7972,"date":"2025-02-11T12:14:06","date_gmt":"2025-02-11T16:14:06","guid":{"rendered":"https:\/\/perspectives-strategies.com\/our-services\/"},"modified":"2025-04-15T06:32:14","modified_gmt":"2025-04-15T10:32:14","slug":"nos-services","status":"publish","type":"page","link":"https:\/\/perspectives-strategies.com\/fr\/nos-services\/","title":{"rendered":"Nos services"},"content":{"rendered":"<div class=\"wpb-content-wrapper\"><p>[vc_row full_width=&#8221;stretch_row&#8221; css=&#8221;.vc_custom_1739289334935{background-color: #FFFFFF !important;border-color: #FFFFFF !important;}&#8221;][vc_column css=&#8221;.vc_custom_1738829353710{background-color: #FFFFFF !important;border-color: #FFFFFF !important;}&#8221;][stm_spacing lg_spacing=&#8221;90&#8243; md_spacing=&#8221;70&#8243; sm_spacing=&#8221;60&#8243; xs_spacing=&#8221;50&#8243;][vc_custom_heading source=&#8221;post_title&#8221; font_container=&#8221;tag:h1|text_align:center|color:%2300205b&#8221; use_theme_fonts=&#8221;yes&#8221; css=&#8221;&#8221; el_class=&#8221;hide_indents mobile_align_center&#8221; subtitle_color=&#8221;#00205b&#8221;][vc_column_text css=&#8221;.vc_custom_1739290543116{margin-top: 20px !important;}&#8221; el_class=&#8221;text-wrapper&#8221;]<\/p>\n<p style=\"text-align: center;\"><span style=\"color: #00205b;\">Perspectives travaille \u00e9troitement avec les gouvernements pour influencer avec succ\u00e8s les orientations politiques, r\u00e9glementaires, l\u00e9gislatives et financi\u00e8res afin de contribuer \u00e0 la croissance de ses clients.<\/span><\/p>\n<p>[\/vc_column_text][vc_text_separator title=&#8221;&#8221; color=&#8221;custom&#8221; border_width=&#8221;2&#8243; el_width=&#8221;10&#8243; accent_color=&#8221;#00205b&#8221; el_class=&#8221;heading-border-center&#8221;][stm_spacing lg_spacing=&#8221;70&#8243; md_spacing=&#8221;50&#8243; sm_spacing=&#8221;40&#8243; xs_spacing=&#8221;30&#8243;][stm_services posts_per_page=&#8221;12&#8243; img_size=&#8221;640&#215;456&#8243; style=&#8221;style_5&#8243;][stm_spacing lg_spacing=&#8221;30&#8243; md_spacing=&#8221;30&#8243; sm_spacing=&#8221;30&#8243; xs_spacing=&#8221;30&#8243;][\/vc_column][\/vc_row]<\/p>\n<\/div>","protected":false},"excerpt":{"rendered":"<p>[vc_row full_width=&#8221;stretch_row&#8221; css=&#8221;.vc_custom_1739289334935{background-color: #FFFFFF !important;border-color: #FFFFFF !important;}&#8221;][vc_column css=&#8221;.vc_custom_1738829353710{background-color: #FFFFFF !important;border-color: #FFFFFF !important;}&#8221;][stm_spacing lg_spacing=&#8221;90&#8243; md_spacing=&#8221;70&#8243; sm_spacing=&#8221;60&#8243; xs_spacing=&#8221;50&#8243;][vc_custom_heading source=&#8221;post_title&#8221; font_container=&#8221;tag:h1|text_align:center|color:%2300205b&#8221; use_theme_fonts=&#8221;yes&#8221; css=&#8221;&#8221; el_class=&#8221;hide_indents mobile_align_center&#8221; subtitle_color=&#8221;#00205b&#8221;][vc_column_text css=&#8221;.vc_custom_1739290543116{margin-top: 20px !important;}&#8221; el_class=&#8221;text-wrapper&#8221;] Perspectives travaille \u00e9troitement avec les gouvernements pour influencer avec succ\u00e8s les orientations politiques, r\u00e9glementaires, l\u00e9gislatives et financi\u00e8res afin de contribuer \u00e0 la croissance de ses clients. [\/vc_column_text][vc_text_separator title=&#8221;&#8221;<\/p>\n","protected":false},"author":1,"featured_media":0,"parent":0,"menu_order":0,"comment_status":"closed","ping_status":"closed","template":"","meta":{"inline_featured_image":false,"footnotes":""},"class_list":["post-7972","page","type-page","status-publish","hentry"],"yoast_head":"<!-- This site is optimized with the Yoast SEO plugin v27.5 - https:\/\/yoast.com\/product\/yoast-seo-wordpress\/ -->\n<title>Services experts en affaires publiques pour un Qu\u00e9bec en constante \u00e9volution | Perspectives Strategies<\/title>\n<meta name=\"description\" content=\"D\u00e9couvrez comment les services experts de Perspectives Strategies en affaires publiques peuvent renforcer votre r\u00e9putation, soutenir vos r\u00e9sultats et atteindre vos objectifs.\" \/>\n<meta name=\"robots\" content=\"index, follow, max-snippet:-1, max-image-preview:large, max-video-preview:-1\" \/>\n<link rel=\"canonical\" href=\"https:\/\/perspectives-strategies.com\/fr\/nos-services\/\" \/>\n<meta property=\"og:locale\" content=\"fr_FR\" \/>\n<meta property=\"og:type\" content=\"article\" \/>\n<meta property=\"og:title\" content=\"Services experts en affaires publiques pour un Qu\u00e9bec en constante \u00e9volution | Perspectives Strategies\" \/>\n<meta property=\"og:description\" content=\"D\u00e9couvrez comment les services experts de Perspectives Strategies en affaires publiques peuvent renforcer votre r\u00e9putation, soutenir vos r\u00e9sultats et atteindre vos objectifs.\" \/>\n<meta property=\"og:url\" content=\"https:\/\/perspectives-strategies.com\/fr\/nos-services\/\" \/>\n<meta property=\"og:site_name\" content=\"Perspectives Strategies\" \/>\n<meta property=\"article:modified_time\" content=\"2025-04-15T10:32:14+00:00\" \/>\n<meta property=\"og:image\" content=\"https:\/\/perspectives-strategies.com\/wp-content\/uploads\/2019\/09\/perpsectives-government-strategies-lobbyist-montreal-fb.jpg\" \/>\n\t<meta property=\"og:image:width\" content=\"1440\" \/>\n\t<meta property=\"og:image:height\" content=\"810\" \/>\n\t<meta property=\"og:image:type\" content=\"image\/jpeg\" \/>\n<meta name=\"twitter:card\" content=\"summary_large_image\" \/>\n<meta name=\"twitter:site\" content=\"@sjbonneau\" \/>\n<meta name=\"twitter:label1\" content=\"Dur\u00e9e de lecture estim\u00e9e\" \/>\n\t<meta name=\"twitter:data1\" content=\"1 minute\" \/>\n<script type=\"application\/ld+json\" class=\"yoast-schema-graph\">{\"@context\":\"https:\\\/\\\/schema.org\",\"@graph\":[{\"@type\":\"WebPage\",\"@id\":\"https:\\\/\\\/perspectives-strategies.com\\\/fr\\\/nos-services\\\/\",\"url\":\"https:\\\/\\\/perspectives-strategies.com\\\/fr\\\/nos-services\\\/\",\"name\":\"Services experts en affaires publiques pour un Qu\u00e9bec en constante \u00e9volution | Perspectives Strategies\",\"isPartOf\":{\"@id\":\"https:\\\/\\\/perspectives-strategies.com\\\/en\\\/#website\"},\"datePublished\":\"2025-02-11T16:14:06+00:00\",\"dateModified\":\"2025-04-15T10:32:14+00:00\",\"description\":\"D\u00e9couvrez comment les services experts de Perspectives Strategies en affaires publiques peuvent renforcer votre r\u00e9putation, soutenir vos r\u00e9sultats et atteindre vos objectifs.\",\"breadcrumb\":{\"@id\":\"https:\\\/\\\/perspectives-strategies.com\\\/fr\\\/nos-services\\\/#breadcrumb\"},\"inLanguage\":\"fr-FR\",\"potentialAction\":[{\"@type\":\"ReadAction\",\"target\":[\"https:\\\/\\\/perspectives-strategies.com\\\/fr\\\/nos-services\\\/\"]}]},{\"@type\":\"BreadcrumbList\",\"@id\":\"https:\\\/\\\/perspectives-strategies.com\\\/fr\\\/nos-services\\\/#breadcrumb\",\"itemListElement\":[{\"@type\":\"ListItem\",\"position\":1,\"name\":\"Home\",\"item\":\"https:\\\/\\\/perspectives-strategies.com\\\/fr\\\/accueil-new\\\/\"},{\"@type\":\"ListItem\",\"position\":2,\"name\":\"Nos services\"}]},{\"@type\":\"WebSite\",\"@id\":\"https:\\\/\\\/perspectives-strategies.com\\\/en\\\/#website\",\"url\":\"https:\\\/\\\/perspectives-strategies.com\\\/en\\\/\",\"name\":\"Perspectives Strategies\",\"description\":\"Strat\u00e9gies Gouvernementales\",\"publisher\":{\"@id\":\"https:\\\/\\\/perspectives-strategies.com\\\/en\\\/#organization\"},\"potentialAction\":[{\"@type\":\"SearchAction\",\"target\":{\"@type\":\"EntryPoint\",\"urlTemplate\":\"https:\\\/\\\/perspectives-strategies.com\\\/en\\\/?s={search_term_string}\"},\"query-input\":{\"@type\":\"PropertyValueSpecification\",\"valueRequired\":true,\"valueName\":\"search_term_string\"}}],\"inLanguage\":\"fr-FR\"},{\"@type\":\"Organization\",\"@id\":\"https:\\\/\\\/perspectives-strategies.com\\\/en\\\/#organization\",\"name\":\"Perspectives Strategies\",\"url\":\"https:\\\/\\\/perspectives-strategies.com\\\/en\\\/\",\"logo\":{\"@type\":\"ImageObject\",\"inLanguage\":\"fr-FR\",\"@id\":\"https:\\\/\\\/perspectives-strategies.com\\\/en\\\/#\\\/schema\\\/logo\\\/image\\\/\",\"url\":\"https:\\\/\\\/perspectives-strategies.com\\\/wp-content\\\/uploads\\\/2019\\\/09\\\/perpsectives-government-strategies-logo-footer.svg\",\"contentUrl\":\"https:\\\/\\\/perspectives-strategies.com\\\/wp-content\\\/uploads\\\/2019\\\/09\\\/perpsectives-government-strategies-logo-footer.svg\",\"width\":\"1024\",\"height\":\"1024\",\"caption\":\"Perspectives Strategies\"},\"image\":{\"@id\":\"https:\\\/\\\/perspectives-strategies.com\\\/en\\\/#\\\/schema\\\/logo\\\/image\\\/\"},\"sameAs\":[\"https:\\\/\\\/x.com\\\/sjbonneau\",\"https:\\\/\\\/www.linkedin.com\\\/in\\\/s\u00e9bastien-bonneau-3ab63112\\\/\"]}]}<\/script>\n<!-- \/ Yoast SEO plugin. -->","yoast_head_json":{"title":"Services experts en affaires publiques pour un Qu\u00e9bec en constante \u00e9volution | Perspectives Strategies","description":"D\u00e9couvrez comment les services experts de Perspectives Strategies en affaires publiques peuvent renforcer votre r\u00e9putation, soutenir vos r\u00e9sultats et atteindre vos objectifs.","robots":{"index":"index","follow":"follow","max-snippet":"max-snippet:-1","max-image-preview":"max-image-preview:large","max-video-preview":"max-video-preview:-1"},"canonical":"https:\/\/perspectives-strategies.com\/fr\/nos-services\/","og_locale":"fr_FR","og_type":"article","og_title":"Services experts en affaires publiques pour un Qu\u00e9bec en constante \u00e9volution | Perspectives Strategies","og_description":"D\u00e9couvrez comment les services experts de Perspectives Strategies en affaires publiques peuvent renforcer votre r\u00e9putation, soutenir vos r\u00e9sultats et atteindre vos objectifs.","og_url":"https:\/\/perspectives-strategies.com\/fr\/nos-services\/","og_site_name":"Perspectives Strategies","article_modified_time":"2025-04-15T10:32:14+00:00","og_image":[{"width":1440,"height":810,"url":"https:\/\/perspectives-strategies.com\/wp-content\/uploads\/2019\/09\/perpsectives-government-strategies-lobbyist-montreal-fb.jpg","type":"image\/jpeg"}],"twitter_card":"summary_large_image","twitter_site":"@sjbonneau","twitter_misc":{"Dur\u00e9e de lecture estim\u00e9e":"1 minute"},"schema":{"@context":"https:\/\/schema.org","@graph":[{"@type":"WebPage","@id":"https:\/\/perspectives-strategies.com\/fr\/nos-services\/","url":"https:\/\/perspectives-strategies.com\/fr\/nos-services\/","name":"Services experts en affaires publiques pour un Qu\u00e9bec en constante \u00e9volution | Perspectives Strategies","isPartOf":{"@id":"https:\/\/perspectives-strategies.com\/en\/#website"},"datePublished":"2025-02-11T16:14:06+00:00","dateModified":"2025-04-15T10:32:14+00:00","description":"D\u00e9couvrez comment les services experts de Perspectives Strategies en affaires publiques peuvent renforcer votre r\u00e9putation, soutenir vos r\u00e9sultats et atteindre vos objectifs.","breadcrumb":{"@id":"https:\/\/perspectives-strategies.com\/fr\/nos-services\/#breadcrumb"},"inLanguage":"fr-FR","potentialAction":[{"@type":"ReadAction","target":["https:\/\/perspectives-strategies.com\/fr\/nos-services\/"]}]},{"@type":"BreadcrumbList","@id":"https:\/\/perspectives-strategies.com\/fr\/nos-services\/#breadcrumb","itemListElement":[{"@type":"ListItem","position":1,"name":"Home","item":"https:\/\/perspectives-strategies.com\/fr\/accueil-new\/"},{"@type":"ListItem","position":2,"name":"Nos services"}]},{"@type":"WebSite","@id":"https:\/\/perspectives-strategies.com\/en\/#website","url":"https:\/\/perspectives-strategies.com\/en\/","name":"Perspectives Strategies","description":"Strat\u00e9gies Gouvernementales","publisher":{"@id":"https:\/\/perspectives-strategies.com\/en\/#organization"},"potentialAction":[{"@type":"SearchAction","target":{"@type":"EntryPoint","urlTemplate":"https:\/\/perspectives-strategies.com\/en\/?s={search_term_string}"},"query-input":{"@type":"PropertyValueSpecification","valueRequired":true,"valueName":"search_term_string"}}],"inLanguage":"fr-FR"},{"@type":"Organization","@id":"https:\/\/perspectives-strategies.com\/en\/#organization","name":"Perspectives Strategies","url":"https:\/\/perspectives-strategies.com\/en\/","logo":{"@type":"ImageObject","inLanguage":"fr-FR","@id":"https:\/\/perspectives-strategies.com\/en\/#\/schema\/logo\/image\/","url":"https:\/\/perspectives-strategies.com\/wp-content\/uploads\/2019\/09\/perpsectives-government-strategies-logo-footer.svg","contentUrl":"https:\/\/perspectives-strategies.com\/wp-content\/uploads\/2019\/09\/perpsectives-government-strategies-logo-footer.svg","width":"1024","height":"1024","caption":"Perspectives Strategies"},"image":{"@id":"https:\/\/perspectives-strategies.com\/en\/#\/schema\/logo\/image\/"},"sameAs":["https:\/\/x.com\/sjbonneau","https:\/\/www.linkedin.com\/in\/s\u00e9bastien-bonneau-3ab63112\/"]}]}},"jetpack_sharing_enabled":true,"_links":{"self":[{"href":"https:\/\/perspectives-strategies.com\/fr\/wp-json\/wp\/v2\/pages\/7972","targetHints":{"allow":["GET"]}}],"collection":[{"href":"https:\/\/perspectives-strategies.com\/fr\/wp-json\/wp\/v2\/pages"}],"about":[{"href":"https:\/\/perspectives-strategies.com\/fr\/wp-json\/wp\/v2\/types\/page"}],"author":[{"embeddable":true,"href":"https:\/\/perspectives-strategies.com\/fr\/wp-json\/wp\/v2\/users\/1"}],"replies":[{"embeddable":true,"href":"https:\/\/perspectives-strategies.com\/fr\/wp-json\/wp\/v2\/comments?post=7972"}],"version-history":[{"count":4,"href":"https:\/\/perspectives-strategies.com\/fr\/wp-json\/wp\/v2\/pages\/7972\/revisions"}],"predecessor-version":[{"id":8119,"href":"https:\/\/perspectives-strategies.com\/fr\/wp-json\/wp\/v2\/pages\/7972\/revisions\/8119"}],"wp:attachment":[{"href":"https:\/\/perspectives-strategies.com\/fr\/wp-json\/wp\/v2\/media?parent=7972"}],"curies":[{"name":"wp","href":"https:\/\/api.w.org\/{rel}","templated":true}]}}