{"id":7410,"date":"2021-08-05T11:13:47","date_gmt":"2021-08-05T11:13:47","guid":{"rendered":"https:\/\/perspectives-strategies.com\/about-us\/"},"modified":"2026-02-10T05:52:32","modified_gmt":"2026-02-10T09:52:32","slug":"about-us","status":"publish","type":"page","link":"https:\/\/perspectives-strategies.com\/fr\/about-us\/","title":{"rendered":"\u00c0 propos"},"content":{"rendered":"<div class=\"wpb-content-wrapper\"><p>[vc_row el_id=&#8221;\u00e0-propos-de-perspectives&#8221;][vc_column offset=&#8221;vc_col-lg-4&#8243; el_class=&#8221;sticky&#8221;][vc_single_image image=&#8221;7487&#8243; img_size=&#8221;full&#8221;][\/vc_column][vc_column width=&#8221;2\/3&#8243; el_class=&#8221;pl-lg-45&#8243;][stm_spacing lg_spacing=&#8221;90&#8243; md_spacing=&#8221;60&#8243; sm_spacing=&#8221;50&#8243; xs_spacing=&#8221;40&#8243;][vc_custom_heading text=&#8221;Une relation d\u2019affaires avec Perspectives&#8221; font_container=&#8221;tag:h1|text_align:left|color:%2300205b&#8221; use_theme_fonts=&#8221;yes&#8221; css=&#8221;&#8221; el_class=&#8221;hide_indents&#8221;][vc_text_separator title=&#8221;&#8221; align=&#8221;align_left&#8221; color=&#8221;custom&#8221; border_width=&#8221;2&#8243; el_width=&#8221;10&#8243; accent_color=&#8221;#00205b&#8221; el_class=&#8221;heading-border-left&#8221;][vc_column_text css=&#8221;&#8221;]Chez Perspectives Strat\u00e9gies Gouvernementales Inc., un cabinet boutique de lobbying, nous offrons des services de relations gouvernementales r\u00e9ellement personnalis\u00e9s qui vont au-del\u00e0 de simplement fournir un acc\u00e8s aux l\u00e9gislateurs et hauts fonctionnaires\u2014nous sommes un partenaire strat\u00e9gique qui s\u2019int\u00e8gre \u00e0 votre \u00e9quipe, d\u00e9di\u00e9e \u00e0 votre succ\u00e8s. Nous visons \u00e0 positionner nos clients comme un partenaire de confiance du gouvernement et un acteur incontournable sur les questions de politiques publiques qui vous interpellent.<\/p>\n<p>Pour nous, chaque client est notre seul et plus important client. Notre vision professionnelle vous assure de recevoir un service hors pair et des conseils politiques de qualit\u00e9 bas\u00e9s sur des ann\u00e9es d\u2019exp\u00e9rience, et ce, tout au long de notre relation d\u2019affaires. De nombreux clients de longue date satisfaits le prouvent.<\/p>\n<p>Nous accompagnons la direction des organisations en d\u00e9veloppant de fa\u00e7on optimale la bonne strat\u00e9gie, les bonnes tactiques et les bons messages aux bonnes personnes. Nous organisons des communications et r\u00e9unions de haut niveau avec les l\u00e9gislateurs, le personnel politique et les hauts fonctionnaires pour influencer les politiques publiques et promouvoir vos int\u00e9r\u00eats en appui \u00e0 vos affaires.<\/p>\n<p>Que vous souhaitiez soumissionner pour un contrat public, introduire une nouvelle loi, modifier un r\u00e8glement ou vous opposer \u00e0 une loi ou \u00e0 une politique d\u00e9favorable, nous avons fait nos preuves pour obtenir des r\u00e9sultats mesurables dans les industries et les environnements politiques les plus r\u00e9glement\u00e9s. Cela comprend les d\u00e9cisions concernant le d\u00e9veloppement \u00e9conomique, les transports, l\u2019environnement, la sant\u00e9, l\u2019agriculture, les finances, les technologies de l\u2019information, l\u2019\u00e9nergie, les ressources naturelles, les infrastructures et la s\u00e9curit\u00e9 publique. Au niveau local, nous offrons des services aux individus et aux leaders communautaires pour les appuyer sur un enjeu local ou citoyen.<\/p>\n<p>Nous sommes reconnus par nos clients pour notre capacit\u00e9 \u00e0 rapidement acqu\u00e9rir une compr\u00e9hension plus approfondie de leurs enjeux et de leurs objectifs aupr\u00e8s des gouvernements, de leur culture organisationnelle et de leur environnement d\u2019affaires. Notre connaissance intime de votre organisation vous permettra de vous d\u00e9marquer dans l\u2019ar\u00e8ne politique par des communications et des interactions politiques plus r\u00e9v\u00e9latrices et convaincantes.<\/p>\n<p>Forts de d\u00e9cennies d\u2019exp\u00e9rience politique et gouvernementale ou en affaires, \u00e0 des niveaux d\u00e9cisionnels, nous ma\u00eetrisons les environnements politiques dynamiques. \u00c0 Qu\u00e9bec comme \u00e0 Ottawa, nous offrons des conseils r\u00e9fl\u00e9chis, des strat\u00e9gies adapt\u00e9es et l\u2019acc\u00e8s n\u00e9cessaire pour influencer avantageusement au b\u00e9n\u00e9fice de nos clients les orientations et les politiques gouvernementales de fa\u00e7on percutante.<\/p>\n<p>Avec Perspectives, vous b\u00e9n\u00e9ficiez de notre accompagnement pragmatique\u2014en anticipant les enjeux politiques qui peuvent impacter votre organisation pour ensuite \u00e9tablir la meilleure d\u00e9marche pour influencer les l\u00e9gislateurs et faire valoir vos int\u00e9r\u00eats. En affinant chaque interaction, nous nous assurons que vous \u00eates pleinement \u00e9quip\u00e9 pour persuader le gouvernement et atteindre vos objectifs de fa\u00e7on mesurable.[\/vc_column_text][vc_custom_heading text=&#8221;Expertise dans divers secteurs et industries&#8221; font_container=&#8221;tag:h4|text_align:left|color:%2300205C&#8221; use_theme_fonts=&#8221;yes&#8221; css=&#8221;&#8221;][vc_column_text css=&#8221;&#8221;]Tout en \u00e9tant une firme g\u00e9n\u00e9raliste, Perspectives a d\u00e9velopp\u00e9 une connaissance approfondie de plusieurs domaines pour r\u00e9pondre \u00e0 diff\u00e9rents besoins et offrant ainsi \u00e0 ses clients une vision transversale des enjeux et priorit\u00e9s gouvernementales :<\/p>\n<table style=\"border-collapse: collapse; margin-bottom: 20px;\" width=\"100%\">\n<tbody>\n<tr>\n<td style=\"padding: 0px; border: none;\" width=\"50%\">\n<ul>\n<li>Contrats publics<\/li>\n<li>Sant\u00e9<\/li>\n<li>Transports<\/li>\n<li>Agriculture<\/li>\n<li>Culture<\/li>\n<li>Ressources naturelles<\/li>\n<\/ul>\n<\/td>\n<td style=\"padding: 0px; border: none;\" width=\"50%\">\n<ul>\n<li>Projets de nature \u00e9conomique<\/li>\n<li>Environnement<\/li>\n<li>Finances<\/li>\n<li>Technologies de l\u2019information<\/li>\n<li>Immobilier commercial<\/li>\n<li>Infrastructures publiques<\/li>\n<\/ul>\n<\/td>\n<\/tr>\n<\/tbody>\n<\/table>\n<p>[\/vc_column_text][vc_custom_heading text=&#8221;Engagement envers l\u2019\u00e9thique et la conformit\u00e9&#8221; font_container=&#8221;tag:h4|text_align:left|color:%2300205C&#8221; use_theme_fonts=&#8221;yes&#8221; css=&#8221;&#8221;][vc_column_text css=&#8221;&#8221;]Perspectives s\u2019engage \u00e0 maintenir les normes \u00e9thiques les plus \u00e9lev\u00e9es en conformit\u00e9 avec les lois sur le lobbying. Nous offrons des conseils objectifs dignes de confiance en ne repr\u00e9sentant qu\u2019un seul client par secteur d\u2019activit\u00e9.<\/p>\n<p>Nous parlons d\u2019une seule voix, la v\u00f4tre ![\/vc_column_text][stm_spacing lg_spacing=&#8221;90&#8243; md_spacing=&#8221;60&#8243; sm_spacing=&#8221;50&#8243; xs_spacing=&#8221;40&#8243;][\/vc_column][\/vc_row][vc_row full_width=&#8221;stretch_row&#8221; css=&#8221;.vc_custom_1628860669118{background-color: #00205b !important;}&#8221; el_class=&#8221;blue-bg-divider&#8221;][vc_column][stm_spacing lg_spacing=&#8221;28&#8243; md_spacing=&#8221;25&#8243; sm_spacing=&#8221;20&#8243; xs_spacing=&#8221;20&#8243;][vc_cta h2=&#8221;&#8221; h2_font_container=&#8221;tag:h3|font_size:34px|text_align:left|color:%23ffffff|line_height:40px&#8221; h2_use_theme_fonts=&#8221;yes&#8221; h4_font_container=&#8221;tag:h3|font_size:34px|text_align:left|color:%23ffffff|line_height:40px&#8221; h4_use_theme_fonts=&#8221;yes&#8221; shape=&#8221;square&#8221; style=&#8221;flat&#8221; add_button=&#8221;right&#8221; btn_title=&#8221;Nous joindre&#8221; btn_style=&#8221;custom&#8221; btn_custom_background=&#8221;#7785ac&#8221; btn_custom_text=&#8221;#ffffff&#8221; btn_i_align=&#8221;right&#8221; btn_i_icon_fontawesome=&#8221;fas fa-angle-right&#8221; css=&#8221;.vc_custom_1726670473384{background-color: #00205b !important;}&#8221; use_custom_fonts_h2=&#8221;true&#8221; use_custom_fonts_h4=&#8221;true&#8221; btn_add_icon=&#8221;true&#8221; el_class=&#8221;text-white&#8221; h2_el_class=&#8221;text-white&#8221; btn_link=&#8221;url:%2Ffr%2F%23nous-joindre|title:Contact%20Us&#8221;]<\/p>\n<h3><strong>Vous avez un enjeu politique, nous aimerions<br \/>\n<\/strong><strong>en discuter avec vous !<\/strong><\/h3>\n<p>[\/vc_cta][vc_row_inner el_id=&#8221;\u00e0-propos-de-notre-direction&#8221;][vc_column_inner][stm_spacing lg_spacing=&#8221;35&#8243; md_spacing=&#8221;25&#8243; sm_spacing=&#8221;20&#8243; xs_spacing=&#8221;20&#8243;][\/vc_column_inner][\/vc_row_inner][\/vc_column][\/vc_row][vc_row full_width=&#8221;stretch_row&#8221; css=&#8221;.vc_custom_1630082941880{background-color: #f3f3f3 !important;}&#8221; el_class=&#8221;kill-overflow-hidden&#8221;][vc_column][stm_spacing lg_spacing=&#8221;90&#8243; md_spacing=&#8221;60&#8243; sm_spacing=&#8221;50&#8243; xs_spacing=&#8221;40&#8243;][vc_row_inner css=&#8221;.vc_custom_1628771883820{margin-bottom: 20px !important;}&#8221;][vc_column_inner][vc_custom_heading icon_pos=&#8221;right&#8221; text=&#8221;\u00c0 propos de notre direction&#8221; font_container=&#8221;tag:h2|text_align:left|color:%2300205b&#8221; use_theme_fonts=&#8221;yes&#8221; el_class=&#8221;hide_indents&#8221;][vc_text_separator title=&#8221;&#8221; align=&#8221;align_left&#8221; color=&#8221;custom&#8221; border_width=&#8221;2&#8243; el_width=&#8221;10&#8243; accent_color=&#8221;#00205b&#8221; el_class=&#8221;heading-border-left&#8221;][\/vc_column_inner][\/vc_row_inner][vc_row_inner][vc_column_inner el_class=&#8221;sticky&#8221; width=&#8221;1\/3&#8243;][vc_single_image image=&#8221;7486&#8243; img_size=&#8221;full&#8221; el_class=&#8221;sticky&#8221;][\/vc_column_inner][vc_column_inner el_class=&#8221;pl-lg-45&#8243; width=&#8221;2\/3&#8243;][stm_spacing lg_spacing=&#8221;0&#8243; md_spacing=&#8221;0&#8243; sm_spacing=&#8221;40&#8243; xs_spacing=&#8221;40&#8243;][vc_column_text]<\/p>\n<p style=\"font-weight: 400;\"><strong>S\u00e9bastien Bonneau<\/strong> est un professionnel bilingue chevronn\u00e9 qui compte plus de 20 ans d&#8217;exp\u00e9rience en politique, en relations gouvernementales et en affaires publiques et dans le secteur priv\u00e9. Il a fourni des conseils politiques strat\u00e9giques et de communications au premier ministre du Canada, au premier ministre du Qu\u00e9bec, \u00e0 des ministres provinciaux, ainsi qu&#8217;au maire de la Ville de Montr\u00e9al et \u00e0 des chefs de l&#8217;opposition. Il a notamment \u00e9t\u00e9 conseiller sur les enjeux qu\u00e9b\u00e9cois, conseiller principal, analyste des m\u00e9dias et attach\u00e9 de presse.<\/p>\n<p style=\"font-weight: 400;\">S\u00e9bastien a d\u00e9velopp\u00e9 une connaissance consid\u00e9rable des enjeux politiques, de la recherche, de la gestion des enjeux, de la surveillance des m\u00e9dias et de l&#8217;analyse des enjeux d&#8217;actualit\u00e9 afin de cr\u00e9er et d&#8217;ex\u00e9cuter des strat\u00e9gies gagnantes.<\/p>\n<p style=\"font-weight: 400;\">Titulaire d&#8217;une ma\u00eetrise en science politique de l&#8217;Universit\u00e9 de Montr\u00e9al et d&#8217;un baccalaur\u00e9at de l&#8217;Universit\u00e9 d&#8217;Ottawa, S\u00e9bastien a acquis une capacit\u00e9 de r\u00e9daction et d&#8217;analyse ainsi qu&#8217;une compr\u00e9hension enviable du fonctionnement des administrations publiques. En 2012, il a fond\u00e9 une firme d&#8217;affaires gouvernementales offrant des services et des conseils de qualit\u00e9 \u00e0 haute valeur et personnalis\u00e9s.<\/p>\n<p style=\"font-weight: 400;\">S\u00e9bastien voyage fr\u00e9quemment en Europe et est \u00e9galement un athl\u00e8te accompli, ayant termin\u00e9 six Ironman 70.3. Il a \u00e9t\u00e9 membre de la Premi\u00e8re r\u00e9serve des Forces canadiennes pendant six ans.<\/p>\n<p>[\/vc_column_text][\/vc_column_inner][\/vc_row_inner][stm_spacing lg_spacing=&#8221;90&#8243; md_spacing=&#8221;60&#8243; sm_spacing=&#8221;50&#8243; xs_spacing=&#8221;40&#8243;][\/vc_column][\/vc_row][vc_row el_class=&#8221;current-past-mandates&#8221;][vc_column][stm_spacing lg_spacing=&#8221;90&#8243; md_spacing=&#8221;70&#8243; sm_spacing=&#8221;60&#8243; xs_spacing=&#8221;50&#8243;][vc_custom_heading stripe_pos=&#8221;hide&#8221; text=&#8221;Nos clients actuels et pass\u00e9s&#8221; font_container=&#8221;tag:h2|font_size:36px|text_align:center|color:%2300205b|line_height:36px&#8221; use_theme_fonts=&#8221;yes&#8221; el_class=&#8221;hide_indents mobile_align_center&#8221; subtitle=&#8221;Perspectives fournit des services de relations gouvernementales et des conseils \u00e0 des leaders du monde des affaires, y compris de nombreuses soci\u00e9t\u00e9s multinationales, op\u00e9rant dans certains des environnements r\u00e9glementaires des plus stricts, ainsi qu\u2019aupr\u00e8s d&#8217;associations, de syndicats, de PME et d&#8217;ONG.&#8221; subtitle_color=&#8221;#00205b&#8221;][vc_text_separator title=&#8221;&#8221; color=&#8221;custom&#8221; border_width=&#8221;2&#8243; el_width=&#8221;10&#8243; accent_color=&#8221;#00205b&#8221; el_class=&#8221;heading-border-center&#8221;][stm_spacing lg_spacing=&#8221;11&#8243; md_spacing=&#8221;10&#8243; sm_spacing=&#8221;5&#8243; xs_spacing=&#8221;5&#8243;][vc_row_inner css=&#8221;.vc_custom_1628527508257{padding-right: 8% !important;padding-left: 8% !important;}&#8221;][vc_column_inner offset=&#8221;vc_hidden-sm vc_hidden-xs&#8221;][vc_gallery type=&#8221;image_full&#8221; images=&#8221;7558,7544,7539,7549&#8243; img_size=&#8221;medium&#8221; onclick=&#8221;&#8221;][vc_gallery type=&#8221;image_full&#8221; images=&#8221;7545,7542,7543,7541,7548&#8243; img_size=&#8221;medium&#8221; onclick=&#8221;&#8221;][vc_gallery type=&#8221;image_full&#8221; images=&#8221;7540,7536,7538,7574,7537&#8243; img_size=&#8221;medium&#8221; onclick=&#8221;&#8221;][vc_gallery type=&#8221;image_full&#8221; images=&#8221;7547,7661,7698&#8243; img_size=&#8221;medium&#8221; onclick=&#8221;&#8221;][\/vc_column_inner][\/vc_row_inner][vc_row_inner css=&#8221;.vc_custom_1628527508257{padding-right: 8% !important;padding-left: 8% !important;}&#8221;][vc_column_inner offset=&#8221;vc_hidden-lg vc_hidden-md&#8221;][vc_gallery type=&#8221;image_full&#8221; images=&#8221;7558,7544,7541,7539,7549,7545,7542,7543,7548,7540,7536,7538,7574,7537,7547,7546,7661&#8243; img_size=&#8221;medium&#8221; onclick=&#8221;&#8221;][\/vc_column_inner][\/vc_row_inner][stm_spacing lg_spacing=&#8221;90&#8243; md_spacing=&#8221;70&#8243; sm_spacing=&#8221;60&#8243; xs_spacing=&#8221;50&#8243;][\/vc_column][\/vc_row]<\/p>\n<\/div>","protected":false},"excerpt":{"rendered":"<p>[vc_row el_id=&#8221;\u00e0-propos-de-perspectives&#8221;][vc_column offset=&#8221;vc_col-lg-4&#8243; el_class=&#8221;sticky&#8221;][vc_single_image image=&#8221;7487&#8243; img_size=&#8221;full&#8221;][\/vc_column][vc_column width=&#8221;2\/3&#8243; el_class=&#8221;pl-lg-45&#8243;][stm_spacing lg_spacing=&#8221;90&#8243; md_spacing=&#8221;60&#8243; sm_spacing=&#8221;50&#8243; xs_spacing=&#8221;40&#8243;][vc_custom_heading text=&#8221;Une relation d\u2019affaires avec Perspectives&#8221; font_container=&#8221;tag:h1|text_align:left|color:%2300205b&#8221; use_theme_fonts=&#8221;yes&#8221; css=&#8221;&#8221; el_class=&#8221;hide_indents&#8221;][vc_text_separator title=&#8221;&#8221; align=&#8221;align_left&#8221; color=&#8221;custom&#8221; border_width=&#8221;2&#8243; el_width=&#8221;10&#8243; accent_color=&#8221;#00205b&#8221; el_class=&#8221;heading-border-left&#8221;][vc_column_text css=&#8221;&#8221;]Chez Perspectives Strat\u00e9gies Gouvernementales Inc., un cabinet boutique de lobbying, nous offrons des services de relations gouvernementales r\u00e9ellement personnalis\u00e9s qui vont au-del\u00e0 de simplement fournir un acc\u00e8s<\/p>\n","protected":false},"author":1,"featured_media":0,"parent":0,"menu_order":0,"comment_status":"closed","ping_status":"closed","template":"","meta":{"inline_featured_image":false,"footnotes":""},"class_list":["post-7410","page","type-page","status-publish","hentry"],"yoast_head":"<!-- This site is optimized with the Yoast SEO plugin v27.5 - https:\/\/yoast.com\/product\/yoast-seo-wordpress\/ -->\n<title>Cabinet en affaires publiques ax\u00e9 sur le client | Perspectives Strategies<\/title>\n<meta name=\"description\" content=\"D\u00e9couvrez les valeurs, l\u2019expertise et la passion qui animent Perspectives Strategies, un cabinet de premier plan en affaires publiques et en communication strat\u00e9gique.\" \/>\n<meta name=\"robots\" content=\"index, follow, max-snippet:-1, max-image-preview:large, max-video-preview:-1\" \/>\n<link rel=\"canonical\" href=\"https:\/\/perspectives-strategies.com\/fr\/about-us\/\" \/>\n<meta property=\"og:locale\" content=\"fr_FR\" \/>\n<meta property=\"og:type\" content=\"article\" \/>\n<meta property=\"og:title\" content=\"Cabinet en affaires publiques ax\u00e9 sur le client | Perspectives Strategies\" \/>\n<meta property=\"og:description\" content=\"D\u00e9couvrez les valeurs, l\u2019expertise et la passion qui animent Perspectives Strategies, un cabinet de premier plan en affaires publiques et en communication strat\u00e9gique.\" \/>\n<meta property=\"og:url\" content=\"https:\/\/perspectives-strategies.com\/fr\/about-us\/\" \/>\n<meta property=\"og:site_name\" content=\"Perspectives Strategies\" \/>\n<meta property=\"article:modified_time\" content=\"2026-02-10T09:52:32+00:00\" \/>\n<meta property=\"og:image\" content=\"https:\/\/perspectives-strategies.com\/wp-content\/uploads\/2019\/09\/perpsectives-government-strategies-lobbyist-montreal-fb.jpg\" \/>\n\t<meta property=\"og:image:width\" content=\"1440\" \/>\n\t<meta property=\"og:image:height\" content=\"810\" \/>\n\t<meta property=\"og:image:type\" content=\"image\/jpeg\" \/>\n<meta name=\"twitter:card\" content=\"summary_large_image\" \/>\n<meta name=\"twitter:site\" content=\"@sjbonneau\" \/>\n<meta name=\"twitter:label1\" content=\"Dur\u00e9e de lecture estim\u00e9e\" \/>\n\t<meta name=\"twitter:data1\" content=\"5 minutes\" \/>\n<script type=\"application\/ld+json\" class=\"yoast-schema-graph\">{\"@context\":\"https:\\\/\\\/schema.org\",\"@graph\":[{\"@type\":\"WebPage\",\"@id\":\"https:\\\/\\\/perspectives-strategies.com\\\/fr\\\/about-us\\\/\",\"url\":\"https:\\\/\\\/perspectives-strategies.com\\\/fr\\\/about-us\\\/\",\"name\":\"Cabinet en affaires publiques ax\u00e9 sur le client | Perspectives Strategies\",\"isPartOf\":{\"@id\":\"https:\\\/\\\/perspectives-strategies.com\\\/en\\\/#website\"},\"datePublished\":\"2021-08-05T11:13:47+00:00\",\"dateModified\":\"2026-02-10T09:52:32+00:00\",\"description\":\"D\u00e9couvrez les valeurs, l\u2019expertise et la passion qui animent Perspectives Strategies, un cabinet de premier plan en affaires publiques et en communication strat\u00e9gique.\",\"breadcrumb\":{\"@id\":\"https:\\\/\\\/perspectives-strategies.com\\\/fr\\\/about-us\\\/#breadcrumb\"},\"inLanguage\":\"fr-FR\",\"potentialAction\":[{\"@type\":\"ReadAction\",\"target\":[\"https:\\\/\\\/perspectives-strategies.com\\\/fr\\\/about-us\\\/\"]}]},{\"@type\":\"BreadcrumbList\",\"@id\":\"https:\\\/\\\/perspectives-strategies.com\\\/fr\\\/about-us\\\/#breadcrumb\",\"itemListElement\":[{\"@type\":\"ListItem\",\"position\":1,\"name\":\"Home\",\"item\":\"https:\\\/\\\/perspectives-strategies.com\\\/fr\\\/accueil-new\\\/\"},{\"@type\":\"ListItem\",\"position\":2,\"name\":\"\u00c0 propos\"}]},{\"@type\":\"WebSite\",\"@id\":\"https:\\\/\\\/perspectives-strategies.com\\\/en\\\/#website\",\"url\":\"https:\\\/\\\/perspectives-strategies.com\\\/en\\\/\",\"name\":\"Perspectives Strategies\",\"description\":\"Strat\u00e9gies Gouvernementales\",\"publisher\":{\"@id\":\"https:\\\/\\\/perspectives-strategies.com\\\/en\\\/#organization\"},\"potentialAction\":[{\"@type\":\"SearchAction\",\"target\":{\"@type\":\"EntryPoint\",\"urlTemplate\":\"https:\\\/\\\/perspectives-strategies.com\\\/en\\\/?s={search_term_string}\"},\"query-input\":{\"@type\":\"PropertyValueSpecification\",\"valueRequired\":true,\"valueName\":\"search_term_string\"}}],\"inLanguage\":\"fr-FR\"},{\"@type\":\"Organization\",\"@id\":\"https:\\\/\\\/perspectives-strategies.com\\\/en\\\/#organization\",\"name\":\"Perspectives Strategies\",\"url\":\"https:\\\/\\\/perspectives-strategies.com\\\/en\\\/\",\"logo\":{\"@type\":\"ImageObject\",\"inLanguage\":\"fr-FR\",\"@id\":\"https:\\\/\\\/perspectives-strategies.com\\\/en\\\/#\\\/schema\\\/logo\\\/image\\\/\",\"url\":\"https:\\\/\\\/perspectives-strategies.com\\\/wp-content\\\/uploads\\\/2019\\\/09\\\/perpsectives-government-strategies-logo-footer.svg\",\"contentUrl\":\"https:\\\/\\\/perspectives-strategies.com\\\/wp-content\\\/uploads\\\/2019\\\/09\\\/perpsectives-government-strategies-logo-footer.svg\",\"width\":\"1024\",\"height\":\"1024\",\"caption\":\"Perspectives Strategies\"},\"image\":{\"@id\":\"https:\\\/\\\/perspectives-strategies.com\\\/en\\\/#\\\/schema\\\/logo\\\/image\\\/\"},\"sameAs\":[\"https:\\\/\\\/x.com\\\/sjbonneau\",\"https:\\\/\\\/www.linkedin.com\\\/in\\\/s\u00e9bastien-bonneau-3ab63112\\\/\"]}]}<\/script>\n<!-- \/ Yoast SEO plugin. -->","yoast_head_json":{"title":"Cabinet en affaires publiques ax\u00e9 sur le client | Perspectives Strategies","description":"D\u00e9couvrez les valeurs, l\u2019expertise et la passion qui animent Perspectives Strategies, un cabinet de premier plan en affaires publiques et en communication strat\u00e9gique.","robots":{"index":"index","follow":"follow","max-snippet":"max-snippet:-1","max-image-preview":"max-image-preview:large","max-video-preview":"max-video-preview:-1"},"canonical":"https:\/\/perspectives-strategies.com\/fr\/about-us\/","og_locale":"fr_FR","og_type":"article","og_title":"Cabinet en affaires publiques ax\u00e9 sur le client | Perspectives Strategies","og_description":"D\u00e9couvrez les valeurs, l\u2019expertise et la passion qui animent Perspectives Strategies, un cabinet de premier plan en affaires publiques et en communication strat\u00e9gique.","og_url":"https:\/\/perspectives-strategies.com\/fr\/about-us\/","og_site_name":"Perspectives Strategies","article_modified_time":"2026-02-10T09:52:32+00:00","og_image":[{"width":1440,"height":810,"url":"https:\/\/perspectives-strategies.com\/wp-content\/uploads\/2019\/09\/perpsectives-government-strategies-lobbyist-montreal-fb.jpg","type":"image\/jpeg"}],"twitter_card":"summary_large_image","twitter_site":"@sjbonneau","twitter_misc":{"Dur\u00e9e de lecture estim\u00e9e":"5 minutes"},"schema":{"@context":"https:\/\/schema.org","@graph":[{"@type":"WebPage","@id":"https:\/\/perspectives-strategies.com\/fr\/about-us\/","url":"https:\/\/perspectives-strategies.com\/fr\/about-us\/","name":"Cabinet en affaires publiques ax\u00e9 sur le client | Perspectives Strategies","isPartOf":{"@id":"https:\/\/perspectives-strategies.com\/en\/#website"},"datePublished":"2021-08-05T11:13:47+00:00","dateModified":"2026-02-10T09:52:32+00:00","description":"D\u00e9couvrez les valeurs, l\u2019expertise et la passion qui animent Perspectives Strategies, un cabinet de premier plan en affaires publiques et en communication strat\u00e9gique.","breadcrumb":{"@id":"https:\/\/perspectives-strategies.com\/fr\/about-us\/#breadcrumb"},"inLanguage":"fr-FR","potentialAction":[{"@type":"ReadAction","target":["https:\/\/perspectives-strategies.com\/fr\/about-us\/"]}]},{"@type":"BreadcrumbList","@id":"https:\/\/perspectives-strategies.com\/fr\/about-us\/#breadcrumb","itemListElement":[{"@type":"ListItem","position":1,"name":"Home","item":"https:\/\/perspectives-strategies.com\/fr\/accueil-new\/"},{"@type":"ListItem","position":2,"name":"\u00c0 propos"}]},{"@type":"WebSite","@id":"https:\/\/perspectives-strategies.com\/en\/#website","url":"https:\/\/perspectives-strategies.com\/en\/","name":"Perspectives Strategies","description":"Strat\u00e9gies Gouvernementales","publisher":{"@id":"https:\/\/perspectives-strategies.com\/en\/#organization"},"potentialAction":[{"@type":"SearchAction","target":{"@type":"EntryPoint","urlTemplate":"https:\/\/perspectives-strategies.com\/en\/?s={search_term_string}"},"query-input":{"@type":"PropertyValueSpecification","valueRequired":true,"valueName":"search_term_string"}}],"inLanguage":"fr-FR"},{"@type":"Organization","@id":"https:\/\/perspectives-strategies.com\/en\/#organization","name":"Perspectives Strategies","url":"https:\/\/perspectives-strategies.com\/en\/","logo":{"@type":"ImageObject","inLanguage":"fr-FR","@id":"https:\/\/perspectives-strategies.com\/en\/#\/schema\/logo\/image\/","url":"https:\/\/perspectives-strategies.com\/wp-content\/uploads\/2019\/09\/perpsectives-government-strategies-logo-footer.svg","contentUrl":"https:\/\/perspectives-strategies.com\/wp-content\/uploads\/2019\/09\/perpsectives-government-strategies-logo-footer.svg","width":"1024","height":"1024","caption":"Perspectives Strategies"},"image":{"@id":"https:\/\/perspectives-strategies.com\/en\/#\/schema\/logo\/image\/"},"sameAs":["https:\/\/x.com\/sjbonneau","https:\/\/www.linkedin.com\/in\/s\u00e9bastien-bonneau-3ab63112\/"]}]}},"jetpack_sharing_enabled":true,"_links":{"self":[{"href":"https:\/\/perspectives-strategies.com\/fr\/wp-json\/wp\/v2\/pages\/7410","targetHints":{"allow":["GET"]}}],"collection":[{"href":"https:\/\/perspectives-strategies.com\/fr\/wp-json\/wp\/v2\/pages"}],"about":[{"href":"https:\/\/perspectives-strategies.com\/fr\/wp-json\/wp\/v2\/types\/page"}],"author":[{"embeddable":true,"href":"https:\/\/perspectives-strategies.com\/fr\/wp-json\/wp\/v2\/users\/1"}],"replies":[{"embeddable":true,"href":"https:\/\/perspectives-strategies.com\/fr\/wp-json\/wp\/v2\/comments?post=7410"}],"version-history":[{"count":46,"href":"https:\/\/perspectives-strategies.com\/fr\/wp-json\/wp\/v2\/pages\/7410\/revisions"}],"predecessor-version":[{"id":8312,"href":"https:\/\/perspectives-strategies.com\/fr\/wp-json\/wp\/v2\/pages\/7410\/revisions\/8312"}],"wp:attachment":[{"href":"https:\/\/perspectives-strategies.com\/fr\/wp-json\/wp\/v2\/media?parent=7410"}],"curies":[{"name":"wp","href":"https:\/\/api.w.org\/{rel}","templated":true}]}}