{"id":7101,"date":"2021-08-05T11:13:47","date_gmt":"2021-08-05T11:13:47","guid":{"rendered":"https:\/\/perspectives-strategies.com\/?page_id=7101"},"modified":"2026-02-10T05:52:07","modified_gmt":"2026-02-10T09:52:07","slug":"about-us","status":"publish","type":"page","link":"https:\/\/perspectives-strategies.com\/en\/about-us\/","title":{"rendered":"About Us"},"content":{"rendered":"<div class=\"wpb-content-wrapper\"><p>[vc_row el_id=&#8221;about-perspectives&#8221;][vc_column offset=&#8221;vc_col-lg-4 vc_col-md-4&#8243; el_class=&#8221;sticky&#8221;][vc_single_image image=&#8221;7297&#8243; img_size=&#8221;full&#8221; el_class=&#8221;sticky&#8221;][\/vc_column][vc_column width=&#8221;2\/3&#8243; el_class=&#8221;pl-lg-45&#8243;][stm_spacing lg_spacing=&#8221;90&#8243; md_spacing=&#8221;60&#8243; sm_spacing=&#8221;50&#8243; xs_spacing=&#8221;40&#8243;][vc_custom_heading text=&#8221;A Business Relation With Perspectives&#8221; font_container=&#8221;tag:h1|text_align:left|color:%2300205b&#8221; use_theme_fonts=&#8221;yes&#8221; css=&#8221;&#8221; el_class=&#8221;hide_indents&#8221;][vc_text_separator title=&#8221;&#8221; align=&#8221;align_left&#8221; color=&#8221;custom&#8221; border_width=&#8221;2&#8243; el_width=&#8221;10&#8243; accent_color=&#8221;#00205b&#8221; el_class=&#8221;heading-border-left&#8221;][vc_column_text css=&#8221;&#8221;]At Perspectives Government Strategies Inc., a boutique lobbying firm, we offer truly personalized government relations services that go beyond simply providing access to legislators and senior public servants\u2014we are a strategic partner integrated into your team, dedicated to your success. We aim to position our clients as a trusted partner with the government and an indispensable stakeholder on relevant public policy issues.<\/p>\n<p>For us, each client is our only and most important client. Our corporate vision ensures you will always receive outstanding service and quality, experienced political advice throughout our business relationship. This is proven by our many long-standing satisfied clients.<\/p>\n<p>We support the leadership of organizations by optimally developing the right strategy, tactics, and messages for the right people. We organize high-level communications and meetings with legislators, political staff and senior public servants to influence public policies and promote your interests in support of your business.<\/p>\n<p>Whether you seek to bid on a public contract, new legislation and need to modify a regulation or oppose unfavourable legislation or policy, we have the proven track record to achieve measurable results in the most regulated industries and political environments. This includes decisions involving economic development, transportation, environment, health, agriculture, finance, information technologies, energy, natural resources and public safety. At the local level, we offer services to citizens and community leaders to support them with their local or constituent issues.<\/p>\n<p>We are recognized by our clients for our ability to develop a deeper understanding of their issues and their goals with governments, their organizational culture and their business environment. Our intimate knowledge of your business will allow you to stand out in the political arena through more meaningful and convincing communications and political interactions.<\/p>\n<p>Drawing on decades of political and governmental or business experience at decision levels, we master navigating dynamic political environments. Focused on Quebec City but apt in Ottawa politics, we deliver well-thought-out advice, tailored strategies and the needed access to shape government orientations and policies in an impactful manner.<\/p>\n<p>With Perspectives, you gain from our hands-on guidance\u2014from anticipating issues that may impact your organization to developing the right approach to influence legislators and promote your interests. By refining each interaction, we ensure you\u2019re fully equipped to persuade the government and achieve your goals with a measurable level of success.[\/vc_column_text][vc_custom_heading text=&#8221;Expertise Across Industries &amp; Sectors&#8221; font_container=&#8221;tag:h4|text_align:left|color:%2300205C&#8221; use_theme_fonts=&#8221;yes&#8221; css=&#8221;&#8221;][vc_column_text css=&#8221;&#8221;]While Perspectives is a generalist firm, we have developed deep expertise across various industries to support our clients&#8217; diverse needs. Our experience includes:<\/p>\n<table style=\"border-collapse: collapse; margin-bottom: 20px;\" width=\"100%\">\n<tbody>\n<tr>\n<td style=\"padding: 0px; border: none;\" width=\"50%\">\n<ul>\n<li>Public Contracts<\/li>\n<li>Health<\/li>\n<li>Transport<\/li>\n<li>Agriculture<\/li>\n<li>Culture<\/li>\n<li>Natural Resources<\/li>\n<\/ul>\n<\/td>\n<td style=\"padding: 0px; border: none;\" width=\"50%\">\n<ul>\n<li>Economic Projects<\/li>\n<li>Environment<\/li>\n<li>Finance<\/li>\n<li>Information Technology<\/li>\n<li>Commercial Real Estate<\/li>\n<li>Public Infrastructure<\/li>\n<\/ul>\n<\/td>\n<\/tr>\n<\/tbody>\n<\/table>\n<p>[\/vc_column_text][vc_custom_heading text=&#8221;Commitment to Ethics &amp; Compliance&#8221; font_container=&#8221;tag:h4|text_align:left|color:%2300205C&#8221; use_theme_fonts=&#8221;yes&#8221; css=&#8221;&#8221;][vc_column_text css=&#8221;&#8221;]Perspectives is committed to maintaining the highest ethical standards in full compliance with lobbying laws. We provide objective, trustworthy advice and strictly represent only one client per industry, ensuring transparency and avoiding conflicts of interest.<\/p>\n<p>We speak with one voice\u2014yours.[\/vc_column_text][stm_spacing lg_spacing=&#8221;90&#8243; md_spacing=&#8221;60&#8243; sm_spacing=&#8221;50&#8243; xs_spacing=&#8221;40&#8243;][\/vc_column][\/vc_row][vc_row full_width=&#8221;stretch_row&#8221; css=&#8221;.vc_custom_1628860669118{background-color: #00205b !important;}&#8221; el_class=&#8221;blue-bg-divider&#8221;][vc_column][stm_spacing lg_spacing=&#8221;28&#8243; md_spacing=&#8221;25&#8243; sm_spacing=&#8221;20&#8243; xs_spacing=&#8221;20&#8243;][vc_cta h2=&#8221;&#8221; h2_font_container=&#8221;tag:h3|font_size:34px|text_align:left|color:%23ffffff|line_height:40px&#8221; h2_use_theme_fonts=&#8221;yes&#8221; h4_font_container=&#8221;tag:h3|font_size:34px|text_align:left|color:%23ffffff|line_height:40px&#8221; h4_use_theme_fonts=&#8221;yes&#8221; shape=&#8221;square&#8221; style=&#8221;flat&#8221; add_button=&#8221;right&#8221; btn_title=&#8221;Contact Us&#8221; btn_style=&#8221;custom&#8221; btn_custom_background=&#8221;#7785ac&#8221; btn_custom_text=&#8221;#ffffff&#8221; btn_i_align=&#8221;right&#8221; btn_i_icon_fontawesome=&#8221;fas fa-angle-right&#8221; css=&#8221;.vc_custom_1726670614981{background-color: #00205b !important;}&#8221; use_custom_fonts_h2=&#8221;true&#8221; use_custom_fonts_h4=&#8221;true&#8221; btn_add_icon=&#8221;true&#8221; el_class=&#8221;text-white&#8221; h2_el_class=&#8221;text-white&#8221; btn_link=&#8221;url:https%3A%2F%2Fperspectives-strategies.com%2F%23contact-us|title:Contact%20Us&#8221;]<\/p>\n<h3>Got an issue or want to know what&#8217;s going on,<br \/>\nwe&#8217;d love to hear from you!<\/h3>\n<p>[\/vc_cta][vc_row_inner el_id=&#8221;about-our-leadership&#8221;][vc_column_inner][stm_spacing lg_spacing=&#8221;35&#8243; md_spacing=&#8221;25&#8243; sm_spacing=&#8221;20&#8243; xs_spacing=&#8221;20&#8243;][\/vc_column_inner][\/vc_row_inner][\/vc_column][\/vc_row][vc_row full_width=&#8221;stretch_row&#8221; css=&#8221;.vc_custom_1630083012760{background-color: #f3f3f3 !important;}&#8221; el_class=&#8221;kill-overflow-hidden&#8221;][vc_column][stm_spacing lg_spacing=&#8221;90&#8243; md_spacing=&#8221;60&#8243; sm_spacing=&#8221;50&#8243; xs_spacing=&#8221;40&#8243;][vc_row_inner css=&#8221;.vc_custom_1628771883820{margin-bottom: 20px !important;}&#8221;][vc_column_inner][vc_custom_heading text=&#8221;About our leadership&#8221; font_container=&#8221;tag:h2|text_align:left|color:%2300205b&#8221; use_theme_fonts=&#8221;yes&#8221; el_class=&#8221;hide_indents&#8221;][vc_text_separator title=&#8221;&#8221; align=&#8221;align_left&#8221; color=&#8221;custom&#8221; border_width=&#8221;2&#8243; el_width=&#8221;10&#8243; accent_color=&#8221;#00205b&#8221; el_class=&#8221;heading-border-left&#8221;][\/vc_column_inner][\/vc_row_inner][vc_row_inner][vc_column_inner el_class=&#8221;sticky&#8221; width=&#8221;1\/3&#8243;][vc_single_image image=&#8221;7228&#8243; img_size=&#8221;full&#8221;][\/vc_column_inner][vc_column_inner el_class=&#8221;pl-lg-45&#8243; width=&#8221;2\/3&#8243;][stm_spacing lg_spacing=&#8221;0&#8243; md_spacing=&#8221;0&#8243; sm_spacing=&#8221;40&#8243; xs_spacing=&#8221;40&#8243;][vc_column_text]<strong>S\u00e9bastien Bonneau<\/strong> is a seasoned bilingual professional with over 20 years of experience in politics, government relations and public affairs. He has provided strategic policy and communications advice to the Prime Minister of Canada, the Premier of Qu\u00e9bec, provincial ministers, as well as the Mayor of the City of Montr\u00e9al and federal opposition leaders. His roles include advisor on Qu\u00e9bec issues, senior advisor, media analyst and press secretary.<\/p>\n<p>S\u00e9bastien has developed considerable knowledge of political issues, policy research, issues management, media monitoring and analysis of current issues in order to create and execute impactful strategies.<\/p>\n<p>With a master\u2019s degree in political science from the Universit\u00e9 de Montr\u00e9al and a bachelor\u2019s degree from the University of Ottawa, S\u00e9bastien has acquired a deep understanding of how government works and is respected as a professional by public office holders. In 2012, he founded a government affairs firm providing high-value, dedicated and personalized quality services and advice to a variety of clients.<\/p>\n<p>S\u00e9bastien travels frequently to Europe and is also an accomplished athlete, having completed six Ironman 70.3 competitions. He was a member of the Canadian Forces Primary Reserve for six years.[\/vc_column_text][\/vc_column_inner][\/vc_row_inner][stm_spacing lg_spacing=&#8221;90&#8243; md_spacing=&#8221;60&#8243; sm_spacing=&#8221;50&#8243; xs_spacing=&#8221;40&#8243;][\/vc_column][\/vc_row][vc_row el_class=&#8221;current-past-mandates&#8221;][vc_column][stm_spacing lg_spacing=&#8221;90&#8243; md_spacing=&#8221;70&#8243; sm_spacing=&#8221;60&#8243; xs_spacing=&#8221;50&#8243;][vc_custom_heading stripe_pos=&#8221;hide&#8221; text=&#8221;Our current or past clients&#8221; font_container=&#8221;tag:h2|font_size:36px|text_align:center|color:%2300205b|line_height:36px&#8221; use_theme_fonts=&#8221;yes&#8221; el_class=&#8221;hide_indents mobile_align_center&#8221; subtitle=&#8221;Perspectives provides government relations services and advice to business leaders, including many multinational corporations operating in some of the most challenging and stringent regulatory environments, as well as associations, unions, small businesses and non-profit organizations.&#8221; subtitle_color=&#8221;#00205b&#8221;][vc_text_separator title=&#8221;&#8221; color=&#8221;custom&#8221; border_width=&#8221;2&#8243; el_width=&#8221;10&#8243; accent_color=&#8221;#00205b&#8221; el_class=&#8221;heading-border-center&#8221;][stm_spacing lg_spacing=&#8221;11&#8243; md_spacing=&#8221;10&#8243; sm_spacing=&#8221;5&#8243; xs_spacing=&#8221;5&#8243;][vc_row_inner css=&#8221;.vc_custom_1628527508257{padding-right: 8% !important;padding-left: 8% !important;}&#8221;][vc_column_inner offset=&#8221;vc_hidden-sm vc_hidden-xs&#8221;][vc_gallery type=&#8221;image_full&#8221; images=&#8221;7383,7212,7207,7217&#8243; img_size=&#8221;medium&#8221; onclick=&#8221;&#8221;][vc_gallery type=&#8221;image_full&#8221; images=&#8221;7213,7210,7211,7209,7216&#8243; img_size=&#8221;medium&#8221; onclick=&#8221;&#8221;][vc_gallery type=&#8221;image_full&#8221; images=&#8221;7208,7204,7206,7573,7205&#8243; img_size=&#8221;medium&#8221; onclick=&#8221;&#8221;][vc_gallery type=&#8221;image_full&#8221; images=&#8221;7215,7660,7699&#8243; img_size=&#8221;medium&#8221; onclick=&#8221;&#8221;][\/vc_column_inner][\/vc_row_inner][vc_row_inner css=&#8221;.vc_custom_1628527508257{padding-right: 8% !important;padding-left: 8% !important;}&#8221;][vc_column_inner offset=&#8221;vc_hidden-lg vc_hidden-md&#8221;][vc_gallery type=&#8221;image_full&#8221; images=&#8221;7383,7212,7209,7207,7217,7213,7210,7211,7216,7208,7204,7206,7573,7205,7215,7214,7660&#8243; img_size=&#8221;medium&#8221; onclick=&#8221;&#8221;][\/vc_column_inner][\/vc_row_inner][stm_spacing lg_spacing=&#8221;90&#8243; md_spacing=&#8221;70&#8243; sm_spacing=&#8221;60&#8243; xs_spacing=&#8221;50&#8243;][\/vc_column][\/vc_row]<\/p>\n<\/div>","protected":false},"excerpt":{"rendered":"<p>[vc_row el_id=&#8221;about-perspectives&#8221;][vc_column offset=&#8221;vc_col-lg-4 vc_col-md-4&#8243; el_class=&#8221;sticky&#8221;][vc_single_image image=&#8221;7297&#8243; img_size=&#8221;full&#8221; el_class=&#8221;sticky&#8221;][\/vc_column][vc_column width=&#8221;2\/3&#8243; el_class=&#8221;pl-lg-45&#8243;][stm_spacing lg_spacing=&#8221;90&#8243; md_spacing=&#8221;60&#8243; sm_spacing=&#8221;50&#8243; xs_spacing=&#8221;40&#8243;][vc_custom_heading text=&#8221;A Business Relation With Perspectives&#8221; font_container=&#8221;tag:h1|text_align:left|color:%2300205b&#8221; use_theme_fonts=&#8221;yes&#8221; css=&#8221;&#8221; el_class=&#8221;hide_indents&#8221;][vc_text_separator title=&#8221;&#8221; align=&#8221;align_left&#8221; color=&#8221;custom&#8221; border_width=&#8221;2&#8243; el_width=&#8221;10&#8243; accent_color=&#8221;#00205b&#8221; el_class=&#8221;heading-border-left&#8221;][vc_column_text css=&#8221;&#8221;]At Perspectives Government Strategies Inc., a boutique lobbying firm, we offer truly personalized government relations services that go beyond simply providing access to legislators and<\/p>\n","protected":false},"author":1,"featured_media":0,"parent":0,"menu_order":0,"comment_status":"closed","ping_status":"closed","template":"","meta":{"inline_featured_image":false,"footnotes":""},"class_list":["post-7101","page","type-page","status-publish","hentry"],"yoast_head":"<!-- This site is optimized with the Yoast SEO plugin v27.5 - https:\/\/yoast.com\/product\/yoast-seo-wordpress\/ -->\n<title>Public Affairs Firm with a Client-Centric Approach | Perspectives Strategies<\/title>\n<meta name=\"description\" content=\"Discover the values, expertise, and passion that drive Perspectives Strategies, a top public affairs firm delivering strategic communications solutions.\" \/>\n<meta name=\"robots\" content=\"index, follow, max-snippet:-1, max-image-preview:large, max-video-preview:-1\" \/>\n<link rel=\"canonical\" href=\"https:\/\/perspectives-strategies.com\/en\/about-us\/\" \/>\n<meta property=\"og:locale\" content=\"en_US\" \/>\n<meta property=\"og:type\" content=\"article\" \/>\n<meta property=\"og:title\" content=\"Public Affairs Firm with a Client-Centric Approach | Perspectives Strategies\" \/>\n<meta property=\"og:description\" content=\"Discover the values, expertise, and passion that drive Perspectives Strategies, a top public affairs firm delivering strategic communications solutions.\" \/>\n<meta property=\"og:url\" content=\"https:\/\/perspectives-strategies.com\/en\/about-us\/\" \/>\n<meta property=\"og:site_name\" content=\"Perspectives Government Strategies Inc.\" \/>\n<meta property=\"article:modified_time\" content=\"2026-02-10T09:52:07+00:00\" \/>\n<meta property=\"og:image\" content=\"https:\/\/perspectives-strategies.com\/wp-content\/uploads\/2019\/09\/perpsectives-government-strategies-lobbyist-montreal-fb.jpg\" \/>\n\t<meta property=\"og:image:width\" content=\"1440\" \/>\n\t<meta property=\"og:image:height\" content=\"810\" \/>\n\t<meta property=\"og:image:type\" content=\"image\/jpeg\" \/>\n<meta name=\"twitter:card\" content=\"summary_large_image\" \/>\n<meta name=\"twitter:site\" content=\"@sjbonneau\" \/>\n<meta name=\"twitter:label1\" content=\"Est. reading time\" \/>\n\t<meta name=\"twitter:data1\" content=\"12 minutes\" \/>\n<script type=\"application\/ld+json\" class=\"yoast-schema-graph\">{\"@context\":\"https:\\\/\\\/schema.org\",\"@graph\":[{\"@type\":[\"WebPage\",\"AboutPage\"],\"@id\":\"https:\\\/\\\/perspectives-strategies.com\\\/en\\\/about-us\\\/\",\"url\":\"https:\\\/\\\/perspectives-strategies.com\\\/en\\\/about-us\\\/\",\"name\":\"Public Affairs Firm with a Client-Centric Approach | Perspectives Strategies\",\"isPartOf\":{\"@id\":\"https:\\\/\\\/perspectives-strategies.com\\\/en\\\/#website\"},\"datePublished\":\"2021-08-05T11:13:47+00:00\",\"dateModified\":\"2026-02-10T09:52:07+00:00\",\"description\":\"Discover the values, expertise, and passion that drive Perspectives Strategies, a top public affairs firm delivering strategic communications solutions.\",\"breadcrumb\":{\"@id\":\"https:\\\/\\\/perspectives-strategies.com\\\/en\\\/about-us\\\/#breadcrumb\"},\"inLanguage\":\"en-US\",\"potentialAction\":[{\"@type\":\"ReadAction\",\"target\":[\"https:\\\/\\\/perspectives-strategies.com\\\/en\\\/about-us\\\/\"]}]},{\"@type\":\"BreadcrumbList\",\"@id\":\"https:\\\/\\\/perspectives-strategies.com\\\/en\\\/about-us\\\/#breadcrumb\",\"itemListElement\":[{\"@type\":\"ListItem\",\"position\":1,\"name\":\"Home\",\"item\":\"https:\\\/\\\/perspectives-strategies.com\\\/en\\\/\"},{\"@type\":\"ListItem\",\"position\":2,\"name\":\"About Us\"}]},{\"@type\":\"WebSite\",\"@id\":\"https:\\\/\\\/perspectives-strategies.com\\\/en\\\/#website\",\"url\":\"https:\\\/\\\/perspectives-strategies.com\\\/en\\\/\",\"name\":\"Perspectives Strategies\",\"description\":\"Trusted Lobbying Firm in Quebec Since 2012\",\"publisher\":{\"@id\":\"https:\\\/\\\/perspectives-strategies.com\\\/en\\\/#organization\"},\"potentialAction\":[{\"@type\":\"SearchAction\",\"target\":{\"@type\":\"EntryPoint\",\"urlTemplate\":\"https:\\\/\\\/perspectives-strategies.com\\\/en\\\/?s={search_term_string}\"},\"query-input\":{\"@type\":\"PropertyValueSpecification\",\"valueRequired\":true,\"valueName\":\"search_term_string\"}}],\"inLanguage\":\"en-US\"},{\"@type\":\"Organization\",\"@id\":\"https:\\\/\\\/perspectives-strategies.com\\\/en\\\/#organization\",\"name\":\"Perspectives Strategies\",\"url\":\"https:\\\/\\\/perspectives-strategies.com\\\/en\\\/\",\"logo\":{\"@type\":\"ImageObject\",\"inLanguage\":\"en-US\",\"@id\":\"https:\\\/\\\/perspectives-strategies.com\\\/en\\\/#\\\/schema\\\/logo\\\/image\\\/\",\"url\":\"https:\\\/\\\/perspectives-strategies.com\\\/wp-content\\\/uploads\\\/2019\\\/09\\\/perpsectives-government-strategies-logo-footer.svg\",\"contentUrl\":\"https:\\\/\\\/perspectives-strategies.com\\\/wp-content\\\/uploads\\\/2019\\\/09\\\/perpsectives-government-strategies-logo-footer.svg\",\"width\":\"1024\",\"height\":\"1024\",\"caption\":\"Perspectives Strategies\"},\"image\":{\"@id\":\"https:\\\/\\\/perspectives-strategies.com\\\/en\\\/#\\\/schema\\\/logo\\\/image\\\/\"},\"sameAs\":[\"https:\\\/\\\/x.com\\\/sjbonneau\",\"https:\\\/\\\/www.linkedin.com\\\/in\\\/s\u00e9bastien-bonneau-3ab63112\\\/\"]}]}<\/script>\n<!-- \/ Yoast SEO plugin. -->","yoast_head_json":{"title":"Public Affairs Firm with a Client-Centric Approach | Perspectives Strategies","description":"Discover the values, expertise, and passion that drive Perspectives Strategies, a top public affairs firm delivering strategic communications solutions.","robots":{"index":"index","follow":"follow","max-snippet":"max-snippet:-1","max-image-preview":"max-image-preview:large","max-video-preview":"max-video-preview:-1"},"canonical":"https:\/\/perspectives-strategies.com\/en\/about-us\/","og_locale":"en_US","og_type":"article","og_title":"Public Affairs Firm with a Client-Centric Approach | Perspectives Strategies","og_description":"Discover the values, expertise, and passion that drive Perspectives Strategies, a top public affairs firm delivering strategic communications solutions.","og_url":"https:\/\/perspectives-strategies.com\/en\/about-us\/","og_site_name":"Perspectives Government Strategies Inc.","article_modified_time":"2026-02-10T09:52:07+00:00","og_image":[{"width":1440,"height":810,"url":"https:\/\/perspectives-strategies.com\/wp-content\/uploads\/2019\/09\/perpsectives-government-strategies-lobbyist-montreal-fb.jpg","type":"image\/jpeg"}],"twitter_card":"summary_large_image","twitter_site":"@sjbonneau","twitter_misc":{"Est. reading time":"12 minutes"},"schema":{"@context":"https:\/\/schema.org","@graph":[{"@type":["WebPage","AboutPage"],"@id":"https:\/\/perspectives-strategies.com\/en\/about-us\/","url":"https:\/\/perspectives-strategies.com\/en\/about-us\/","name":"Public Affairs Firm with a Client-Centric Approach | Perspectives Strategies","isPartOf":{"@id":"https:\/\/perspectives-strategies.com\/en\/#website"},"datePublished":"2021-08-05T11:13:47+00:00","dateModified":"2026-02-10T09:52:07+00:00","description":"Discover the values, expertise, and passion that drive Perspectives Strategies, a top public affairs firm delivering strategic communications solutions.","breadcrumb":{"@id":"https:\/\/perspectives-strategies.com\/en\/about-us\/#breadcrumb"},"inLanguage":"en-US","potentialAction":[{"@type":"ReadAction","target":["https:\/\/perspectives-strategies.com\/en\/about-us\/"]}]},{"@type":"BreadcrumbList","@id":"https:\/\/perspectives-strategies.com\/en\/about-us\/#breadcrumb","itemListElement":[{"@type":"ListItem","position":1,"name":"Home","item":"https:\/\/perspectives-strategies.com\/en\/"},{"@type":"ListItem","position":2,"name":"About Us"}]},{"@type":"WebSite","@id":"https:\/\/perspectives-strategies.com\/en\/#website","url":"https:\/\/perspectives-strategies.com\/en\/","name":"Perspectives Strategies","description":"Trusted Lobbying Firm in Quebec Since 2012","publisher":{"@id":"https:\/\/perspectives-strategies.com\/en\/#organization"},"potentialAction":[{"@type":"SearchAction","target":{"@type":"EntryPoint","urlTemplate":"https:\/\/perspectives-strategies.com\/en\/?s={search_term_string}"},"query-input":{"@type":"PropertyValueSpecification","valueRequired":true,"valueName":"search_term_string"}}],"inLanguage":"en-US"},{"@type":"Organization","@id":"https:\/\/perspectives-strategies.com\/en\/#organization","name":"Perspectives Strategies","url":"https:\/\/perspectives-strategies.com\/en\/","logo":{"@type":"ImageObject","inLanguage":"en-US","@id":"https:\/\/perspectives-strategies.com\/en\/#\/schema\/logo\/image\/","url":"https:\/\/perspectives-strategies.com\/wp-content\/uploads\/2019\/09\/perpsectives-government-strategies-logo-footer.svg","contentUrl":"https:\/\/perspectives-strategies.com\/wp-content\/uploads\/2019\/09\/perpsectives-government-strategies-logo-footer.svg","width":"1024","height":"1024","caption":"Perspectives Strategies"},"image":{"@id":"https:\/\/perspectives-strategies.com\/en\/#\/schema\/logo\/image\/"},"sameAs":["https:\/\/x.com\/sjbonneau","https:\/\/www.linkedin.com\/in\/s\u00e9bastien-bonneau-3ab63112\/"]}]}},"jetpack_sharing_enabled":true,"_links":{"self":[{"href":"https:\/\/perspectives-strategies.com\/en\/wp-json\/wp\/v2\/pages\/7101","targetHints":{"allow":["GET"]}}],"collection":[{"href":"https:\/\/perspectives-strategies.com\/en\/wp-json\/wp\/v2\/pages"}],"about":[{"href":"https:\/\/perspectives-strategies.com\/en\/wp-json\/wp\/v2\/types\/page"}],"author":[{"embeddable":true,"href":"https:\/\/perspectives-strategies.com\/en\/wp-json\/wp\/v2\/users\/1"}],"replies":[{"embeddable":true,"href":"https:\/\/perspectives-strategies.com\/en\/wp-json\/wp\/v2\/comments?post=7101"}],"version-history":[{"count":84,"href":"https:\/\/perspectives-strategies.com\/en\/wp-json\/wp\/v2\/pages\/7101\/revisions"}],"predecessor-version":[{"id":8311,"href":"https:\/\/perspectives-strategies.com\/en\/wp-json\/wp\/v2\/pages\/7101\/revisions\/8311"}],"wp:attachment":[{"href":"https:\/\/perspectives-strategies.com\/en\/wp-json\/wp\/v2\/media?parent=7101"}],"curies":[{"name":"wp","href":"https:\/\/api.w.org\/{rel}","templated":true}]}}